{"id":17,"date":"2017-08-07T21:43:32","date_gmt":"2017-08-07T19:43:32","guid":{"rendered":"http:\/\/fundacjarozwojuprzyszlosci.com\/?page_id=17"},"modified":"2026-03-06T10:30:47","modified_gmt":"2026-03-06T09:30:47","slug":"jak-aplikowac","status":"publish","type":"page","link":"https:\/\/fundacjarozwojuprzyszlosci.com\/index.php\/jak-aplikowac\/","title":{"rendered":"Jak aplikowa\u0107"},"content":{"rendered":"\n<p>Termin sk\u0142adania wniosk\u00f3w dla\u00a0<strong>szk\u00f3\u0142 wy\u017cszych <\/strong>i wymaganych dokument\u00f3w to\u00a0<strong>31.03.2026r<\/strong>.<\/p>\n\n\n\n<p><\/p>\n\n\n\n<p>Zapraszamy!<\/p>\n\n\n\n<p><\/p>\n\n\n\n<figure class=\"wp-block-image size-large\"><a href=\"https:\/\/forms.office.com\/Pages\/ResponsePage.aspx?id=3lPoZuPs3USdZu5r30FZ1DVVtvjImIVMjUY-yBBhS7JUNVJMMlREWk4xMDBVN1RUS0tCU1dYWTExTC4u\" target=\"blank\" rel=\"noopener noreferrer\"><img decoding=\"async\" src=\"https:\/\/fundacjarozwojuprzyszlosci.com\/wp-content\/uploads\/2021\/10\/image002-1.png\" alt=\"\" class=\"wp-image-317\"><\/a><\/figure>\n\n\n\n<p><\/p>\n","protected":false},"excerpt":{"rendered":"<p>Termin sk\u0142adania wniosk\u00f3w dla\u00a0szk\u00f3\u0142 wy\u017cszych i wymaganych dokument\u00f3w to\u00a031.03.2026r. Zapraszamy!<\/p>\n","protected":false},"author":3,"featured_media":0,"parent":0,"menu_order":0,"comment_status":"closed","ping_status":"closed","template":"","meta":{"footnotes":""},"class_list":["post-17","page","type-page","status-publish","hentry"],"_links":{"self":[{"href":"https:\/\/fundacjarozwojuprzyszlosci.com\/index.php\/wp-json\/wp\/v2\/pages\/17","targetHints":{"allow":["GET"]}}],"collection":[{"href":"https:\/\/fundacjarozwojuprzyszlosci.com\/index.php\/wp-json\/wp\/v2\/pages"}],"about":[{"href":"https:\/\/fundacjarozwojuprzyszlosci.com\/index.php\/wp-json\/wp\/v2\/types\/page"}],"author":[{"embeddable":true,"href":"https:\/\/fundacjarozwojuprzyszlosci.com\/index.php\/wp-json\/wp\/v2\/users\/3"}],"replies":[{"embeddable":true,"href":"https:\/\/fundacjarozwojuprzyszlosci.com\/index.php\/wp-json\/wp\/v2\/comments?post=17"}],"version-history":[{"count":44,"href":"https:\/\/fundacjarozwojuprzyszlosci.com\/index.php\/wp-json\/wp\/v2\/pages\/17\/revisions"}],"predecessor-version":[{"id":598,"href":"https:\/\/fundacjarozwojuprzyszlosci.com\/index.php\/wp-json\/wp\/v2\/pages\/17\/revisions\/598"}],"wp:attachment":[{"href":"https:\/\/fundacjarozwojuprzyszlosci.com\/index.php\/wp-json\/wp\/v2\/media?parent=17"}],"curies":[{"name":"wp","href":"https:\/\/api.w.org\/{rel}","templated":true}]}}